{"id":3601,"date":"2021-11-03T10:03:24","date_gmt":"2021-11-03T10:03:24","guid":{"rendered":"https:\/\/wordpress.ceonline.eu\/?page_id=3601"},"modified":"2024-04-19T10:46:01","modified_gmt":"2024-04-19T10:46:01","slug":"disclaimer","status":"publish","type":"page","link":"https:\/\/test.cerepair.eu\/fr-be\/disclaimer\/","title":{"rendered":"Clause de non-responsabilit\u00e9"},"content":{"rendered":"<div data-elementor-type=\"wp-page\" data-elementor-id=\"3601\" class=\"elementor elementor-3601\" data-elementor-post-type=\"page\">\n\t\t\t\t\t\t<section class=\"elementor-section elementor-top-section elementor-element elementor-element-7d5568d elementor-section-boxed elementor-section-height-default elementor-section-height-default\" data-id=\"7d5568d\" data-element_type=\"section\" data-e-type=\"section\">\n\t\t\t\t\t\t<div class=\"elementor-container elementor-column-gap-default\">\n\t\t\t\t\t<div class=\"elementor-column elementor-col-100 elementor-top-column elementor-element elementor-element-75b8e79\" data-id=\"75b8e79\" data-element_type=\"column\" data-e-type=\"column\">\n\t\t\t<div class=\"elementor-widget-wrap elementor-element-populated\">\n\t\t\t\t\t\t<div class=\"elementor-element elementor-element-36c2387 elementor-widget elementor-widget-spacer\" data-id=\"36c2387\" data-element_type=\"widget\" data-e-type=\"widget\" data-widget_type=\"spacer.default\">\n\t\t\t\t<div class=\"elementor-widget-container\">\n\t\t\t\t\t\t\t<div class=\"elementor-spacer\">\n\t\t\t<div class=\"elementor-spacer-inner\"><\/div>\n\t\t<\/div>\n\t\t\t\t\t\t<\/div>\n\t\t\t\t<\/div>\n\t\t\t\t\t<\/div>\n\t\t<\/div>\n\t\t\t\t\t<\/div>\n\t\t<\/section>\n\t\t\t\t<section class=\"elementor-section elementor-top-section elementor-element elementor-element-fb560a7 elementor-section-boxed elementor-section-height-default elementor-section-height-default\" data-id=\"fb560a7\" data-element_type=\"section\" data-e-type=\"section\">\n\t\t\t\t\t\t<div class=\"elementor-container elementor-column-gap-default\">\n\t\t\t\t\t<div class=\"elementor-column elementor-col-100 elementor-top-column elementor-element elementor-element-cbd5407\" data-id=\"cbd5407\" data-element_type=\"column\" data-e-type=\"column\">\n\t\t\t<div class=\"elementor-widget-wrap elementor-element-populated\">\n\t\t\t\t\t\t<div class=\"elementor-element elementor-element-341ee40 elementor-widget elementor-widget-text-editor\" data-id=\"341ee40\" data-element_type=\"widget\" data-e-type=\"widget\" data-widget_type=\"text-editor.default\">\n\t\t\t\t<div class=\"elementor-widget-container\">\n\t\t\t\t\t\t\t\t\t<p>CE Services Group B.V. en haar vestigingen en business units, hierna te noemen \u2018CESG\u2019, is een Nederlandse onderneming, gevestigd te Heliotroopring 100, 3316 KG Dordrecht en geregistreerd onder KvK nr. 58336613.<\/p>\t\t\t\t\t\t\t\t<\/div>\n\t\t\t\t<\/div>\n\t\t\t\t\t<\/div>\n\t\t<\/div>\n\t\t\t\t\t<\/div>\n\t\t<\/section>\n\t\t\t\t<section class=\"elementor-section elementor-top-section elementor-element elementor-element-3585ca1 elementor-section-boxed elementor-section-height-default elementor-section-height-default\" data-id=\"3585ca1\" data-element_type=\"section\" data-e-type=\"section\">\n\t\t\t\t\t\t<div class=\"elementor-container elementor-column-gap-default\">\n\t\t\t\t\t<div class=\"elementor-column elementor-col-100 elementor-top-column elementor-element elementor-element-6770c73\" data-id=\"6770c73\" data-element_type=\"column\" data-e-type=\"column\">\n\t\t\t<div class=\"elementor-widget-wrap elementor-element-populated\">\n\t\t\t\t\t\t<div class=\"elementor-element elementor-element-6dc1d77 elementor-widget elementor-widget-heading\" data-id=\"6dc1d77\" data-element_type=\"widget\" data-e-type=\"widget\" data-widget_type=\"heading.default\">\n\t\t\t\t<div class=\"elementor-widget-container\">\n\t\t\t\t\t<h2 class=\"elementor-heading-title elementor-size-default\">Protection des donn\u00e9es<\/h2>\t\t\t\t<\/div>\n\t\t\t\t<\/div>\n\t\t\t\t\t<\/div>\n\t\t<\/div>\n\t\t\t\t\t<\/div>\n\t\t<\/section>\n\t\t\t\t<section class=\"elementor-section elementor-top-section elementor-element elementor-element-bbd61f1 elementor-section-boxed elementor-section-height-default elementor-section-height-default\" data-id=\"bbd61f1\" data-element_type=\"section\" data-e-type=\"section\">\n\t\t\t\t\t\t<div class=\"elementor-container elementor-column-gap-default\">\n\t\t\t\t\t<div class=\"elementor-column elementor-col-100 elementor-top-column elementor-element elementor-element-38700ab\" data-id=\"38700ab\" data-element_type=\"column\" data-e-type=\"column\">\n\t\t\t<div class=\"elementor-widget-wrap elementor-element-populated\">\n\t\t\t\t\t\t<div class=\"elementor-element elementor-element-cd16649 elementor-widget elementor-widget-text-editor\" data-id=\"cd16649\" data-element_type=\"widget\" data-e-type=\"widget\" data-widget_type=\"text-editor.default\">\n\t\t\t\t<div class=\"elementor-widget-container\">\n\t\t\t\t\t\t\t\t\t<p>L'utilisation des informations sur ce site Web est gratuite tant que vous ne copiez pas, ne distribuez pas ou n'utilisez pas ou n'abusez pas de ces informations. Vous ne pouvez r\u00e9utiliser les informations sur ce site Web que conform\u00e9ment aux dispositions du droit imp\u00e9ratif et conform\u00e9ment \u00e0 nos\u00a0<a href=\"https:\/\/wordpress.ceonline.eu\/privacy-policy\/\">D\u00e9claration de confidentialit\u00e9<\/a>, que vous acceptez en continuant \u00e0 utiliser notre site Web.<\/p><p>Il est interdit de r\u00e9utiliser du texte, du mat\u00e9riel photographique ou d'autres \u00e9l\u00e9ments sur ce site Web sans l'autorisation \u00e9crite expresse de CESG. La propri\u00e9t\u00e9 intellectuelle appartient \u00e0 CESG.<\/p>\t\t\t\t\t\t\t\t<\/div>\n\t\t\t\t<\/div>\n\t\t\t\t\t<\/div>\n\t\t<\/div>\n\t\t\t\t\t<\/div>\n\t\t<\/section>\n\t\t\t\t<section class=\"elementor-section elementor-top-section elementor-element elementor-element-bbd7ea2 elementor-section-boxed elementor-section-height-default elementor-section-height-default\" data-id=\"bbd7ea2\" data-element_type=\"section\" data-e-type=\"section\">\n\t\t\t\t\t\t<div class=\"elementor-container elementor-column-gap-default\">\n\t\t\t\t\t<div class=\"elementor-column elementor-col-100 elementor-top-column elementor-element elementor-element-bc1a30c\" data-id=\"bc1a30c\" data-element_type=\"column\" data-e-type=\"column\">\n\t\t\t<div class=\"elementor-widget-wrap elementor-element-populated\">\n\t\t\t\t\t\t<div class=\"elementor-element elementor-element-61c57ac elementor-widget elementor-widget-heading\" data-id=\"61c57ac\" data-element_type=\"widget\" data-e-type=\"widget\" data-widget_type=\"heading.default\">\n\t\t\t\t<div class=\"elementor-widget-container\">\n\t\t\t\t\t<h2 class=\"elementor-heading-title elementor-size-default\">Aucune garantie sur l'exactitude des donn\u00e9es<\/h2>\t\t\t\t<\/div>\n\t\t\t\t<\/div>\n\t\t\t\t\t<\/div>\n\t\t<\/div>\n\t\t\t\t\t<\/div>\n\t\t<\/section>\n\t\t\t\t<section class=\"elementor-section elementor-top-section elementor-element elementor-element-316e304 elementor-section-boxed elementor-section-height-default elementor-section-height-default\" data-id=\"316e304\" data-element_type=\"section\" data-e-type=\"section\">\n\t\t\t\t\t\t<div class=\"elementor-container elementor-column-gap-default\">\n\t\t\t\t\t<div class=\"elementor-column elementor-col-100 elementor-top-column elementor-element elementor-element-5d1d8a3\" data-id=\"5d1d8a3\" data-element_type=\"column\" data-e-type=\"column\">\n\t\t\t<div class=\"elementor-widget-wrap elementor-element-populated\">\n\t\t\t\t\t\t<div class=\"elementor-element elementor-element-bfe8553 elementor-widget elementor-widget-text-editor\" data-id=\"bfe8553\" data-element_type=\"widget\" data-e-type=\"widget\" data-widget_type=\"text-editor.default\">\n\t\t\t\t<div class=\"elementor-widget-container\">\n\t\t\t\t\t\t\t\t\t<p>Lors de la compilation et de la maintenance de ce site Web, le plus grand soin a \u00e9t\u00e9 et sera apport\u00e9. Les erreurs qui surviennent et qui sont reconnaissables comme des erreurs de programmation ou de frappe ou d'orthographe ne constituent jamais une raison de r\u00e9clamer et\/ou d'assumer un accord. Le CESG s'efforce d'avoir un site Web aussi actuel que possible. Si, malgr\u00e9 ces efforts, les informations ou le contenu de ce site Web sont incomplets ou incorrects, CESG ne peut en accepter aucune responsabilit\u00e9.<\/p>\n<p>Certaines r\u00e9f\u00e9rences sur ce site m\u00e8nent \u00e0 des sources d'information qui sont pr\u00e9par\u00e9es et\/ou maintenues par des tiers. Le CESG n'assume aucune responsabilit\u00e9 quant \u00e0 l'exactitude, l'authenticit\u00e9 et\/ou la fiabilit\u00e9 ou tout autre aspect de ces sources d'information.<\/p>\n<p>CESG se r\u00e9serve le droit de modifier, de supprimer ou de republier les informations sur le site Web sans pr\u00e9avis.<\/p>\n<p>Nos sites Web utilisent des \u00ab cookies \u00bb. Vous trouverez plus d'informations \u00e0 ce sujet dans notre&nbsp;<a href=\"https:\/\/wordpress.ceonline.eu\/cookie-policy\/\">Clause de non-responsabilit\u00e9<\/a>.<\/p>\n<p><\/p>\n<p>\u00a9 CE Services Group,&nbsp;Maart 2017<\/p>\t\t\t\t\t\t\t\t<\/div>\n\t\t\t\t<\/div>\n\t\t\t\t\t<\/div>\n\t\t<\/div>\n\t\t\t\t\t<\/div>\n\t\t<\/section>\n\t\t\t\t<section class=\"elementor-section elementor-top-section elementor-element elementor-element-87061bd elementor-section-boxed elementor-section-height-default elementor-section-height-default\" data-id=\"87061bd\" data-element_type=\"section\" data-e-type=\"section\">\n\t\t\t\t\t\t<div class=\"elementor-container elementor-column-gap-default\">\n\t\t\t\t\t<div class=\"elementor-column elementor-col-100 elementor-top-column elementor-element elementor-element-d122168\" data-id=\"d122168\" data-element_type=\"column\" data-e-type=\"column\">\n\t\t\t<div class=\"elementor-widget-wrap elementor-element-populated\">\n\t\t\t\t\t\t<div class=\"elementor-element elementor-element-c728d92 elementor-widget elementor-widget-spacer\" data-id=\"c728d92\" data-element_type=\"widget\" data-e-type=\"widget\" data-widget_type=\"spacer.default\">\n\t\t\t\t<div class=\"elementor-widget-container\">\n\t\t\t\t\t\t\t<div class=\"elementor-spacer\">\n\t\t\t<div class=\"elementor-spacer-inner\"><\/div>\n\t\t<\/div>\n\t\t\t\t\t\t<\/div>\n\t\t\t\t<\/div>\n\t\t\t\t\t<\/div>\n\t\t<\/div>\n\t\t\t\t\t<\/div>\n\t\t<\/section>\n\t\t\t\t<section class=\"elementor-section elementor-top-section elementor-element elementor-element-109a2a97 elementor-section-full_width elementor-section-height-default elementor-section-height-default\" data-id=\"109a2a97\" data-element_type=\"section\" data-e-type=\"section\" data-settings=\"{&quot;background_background&quot;:&quot;classic&quot;,&quot;shape_divider_bottom&quot;:&quot;triangle-asymmetrical&quot;}\">\n\t\t\t\t\t<div class=\"elementor-shape elementor-shape-bottom\" aria-hidden=\"true\" data-negative=\"false\">\n\t\t\t<svg xmlns=\"http:\/\/www.w3.org\/2000\/svg\" viewbox=\"0 0 1000 100\" preserveaspectratio=\"none\">\n\t<path class=\"elementor-shape-fill\" d=\"M738,99l262-93V0H0v5.6L738,99z\"\/>\n<\/svg>\t\t<\/div>\n\t\t\t\t\t<div class=\"elementor-container elementor-column-gap-default\">\n\t\t\t\t\t<div class=\"elementor-column elementor-col-100 elementor-top-column elementor-element elementor-element-77acf2ba\" data-id=\"77acf2ba\" data-element_type=\"column\" data-e-type=\"column\">\n\t\t\t<div class=\"elementor-widget-wrap elementor-element-populated\">\n\t\t\t\t\t\t<section class=\"elementor-section elementor-inner-section elementor-element elementor-element-7d871037 elementor-section-boxed elementor-section-height-default elementor-section-height-default\" data-id=\"7d871037\" data-element_type=\"section\" data-e-type=\"section\">\n\t\t\t\t\t\t<div class=\"elementor-container elementor-column-gap-default\">\n\t\t\t\t\t<div class=\"elementor-column elementor-col-25 elementor-inner-column elementor-element elementor-element-2e63dbe6\" data-id=\"2e63dbe6\" data-element_type=\"column\" data-e-type=\"column\">\n\t\t\t<div class=\"elementor-widget-wrap elementor-element-populated\">\n\t\t\t\t\t\t<div class=\"elementor-element elementor-element-1cee3147 elementor-widget elementor-widget-text-editor\" data-id=\"1cee3147\" data-element_type=\"widget\" data-e-type=\"widget\" data-widget_type=\"text-editor.default\">\n\t\t\t\t<div class=\"elementor-widget-container\">\n\t\t\t\t\t\t\t\t\t<p><span style=\"color: #0075bf;\"><strong>Unit\u00e9s d'affaires<\/strong><\/span><br \/><a href=\"https:\/\/wordpress.ceonline.eu\/home-servicesgroup\/\">CE Services Group<\/a><br \/><a href=\"https:\/\/wordpress.ceonline.eu\/nl\/home-repair\/\" data-type=\"page\" data-id=\"74\">CE Repair Services<\/a><br \/><a href=\"https:\/\/wordpress.ceonline.eu\/home-logistics\/\" data-type=\"page\" data-id=\"965\">CE Logistics Services<\/a><br \/><a href=\"https:\/\/wordpress.ceonline.eu\/home-ict\/\">CE ICT Services<\/a><br \/><a href=\"https:\/\/wordpress.ceonline.eu\/home-connet\/\" data-type=\"page\" data-id=\"1209\">CE Connect Services<\/a><br \/><a href=\"https:\/\/wordpress.ceonline.eu\/home-academy\/\">CE Academy<\/a><\/p>\t\t\t\t\t\t\t\t<\/div>\n\t\t\t\t<\/div>\n\t\t\t\t\t<\/div>\n\t\t<\/div>\n\t\t\t\t<div class=\"elementor-column elementor-col-25 elementor-inner-column elementor-element elementor-element-1d448d9d\" data-id=\"1d448d9d\" data-element_type=\"column\" data-e-type=\"column\">\n\t\t\t<div class=\"elementor-widget-wrap elementor-element-populated\">\n\t\t\t\t\t\t<div class=\"elementor-element elementor-element-5dc12b78 elementor-widget elementor-widget-text-editor\" data-id=\"5dc12b78\" data-element_type=\"widget\" data-e-type=\"widget\" data-widget_type=\"text-editor.default\">\n\t\t\t\t<div class=\"elementor-widget-container\">\n\t\t\t\t\t\t\t\t\t<p><strong><span class=\"has-inline-color has-ast-global-color-0-color\"><a href=\"https:\/\/wordpress.ceonline.eu\/branch\/\" data-type=\"page\" data-id=\"2582\">Emplacements<\/a><\/span><\/strong><br \/><a href=\"https:\/\/wordpress.ceonline.eu\/branch#servicesGroup\" data-type=\"page\">CE Services Group<\/a><br \/><a href=\"https:\/\/wordpress.ceonline.eu\/branch#dordrecht\" data-type=\"page\">CE Repair Services Dordrecht<\/a><br \/><a href=\"https:\/\/wordpress.ceonline.eu\/branch#mijdrecht\" data-type=\"page\">CE Repair Services Mijdrecht<\/a><br \/><a href=\"https:\/\/wordpress.ceonline.eu\/branch#logistics\">CE Logistics Services<\/a><br \/><a href=\"https:\/\/wordpress.ceonline.eu\/branch#almelo\" data-type=\"page\">CE Repair Services Almelo<\/a><br \/><a href=\"https:\/\/wordpress.ceonline.eu\/branch#drachten\">CE Repair Services Drachten<\/a><br \/><a href=\"https:\/\/wordpress.ceonline.eu\/branch#enkhuizen\">CE Repair Services Enkhuizen<\/a><br \/><a href=\"https:\/\/wordpress.ceonline.eu\/branch#parkstad\">CE Repair Services Parkstad<\/a><br \/><a href=\"https:\/\/wordpress.ceonline.eu\/branch#spijkenisse\">CE Repair Services Spijkenisse<\/a><br \/><a href=\"https:\/\/wordpress.ceonline.eu\/branch#tervuren\">CE Repair Services Tervuren<\/a><\/p>\t\t\t\t\t\t\t\t<\/div>\n\t\t\t\t<\/div>\n\t\t\t\t\t<\/div>\n\t\t<\/div>\n\t\t\t\t<div class=\"elementor-column elementor-col-25 elementor-inner-column elementor-element elementor-element-4f9f1694\" data-id=\"4f9f1694\" data-element_type=\"column\" data-e-type=\"column\">\n\t\t\t<div class=\"elementor-widget-wrap elementor-element-populated\">\n\t\t\t\t\t\t<div class=\"elementor-element elementor-element-6d85dfc3 elementor-widget elementor-widget-text-editor\" data-id=\"6d85dfc3\" data-element_type=\"widget\" data-e-type=\"widget\" data-widget_type=\"text-editor.default\">\n\t\t\t\t<div class=\"elementor-widget-container\">\n\t\t\t\t\t\t\t\t\t<p><span style=\"color: #0075bf;\"><strong>\u00c0 propos de nous<\/strong><\/span><br \/><a href=\"https:\/\/wordpress.ceonline.eu\/history\/\" data-type=\"page\" data-id=\"3125\">Histoire<\/a><br \/><a href=\"https:\/\/wordpress.ceonline.eu\/vacatures\/\" data-type=\"page\" data-id=\"3669\">Travailler au CE<\/a><br \/><a href=\"https:\/\/wordpress.ceonline.eu\/authorization\/\">Autorisations<\/a><br \/><a href=\"https:\/\/wordpress.ceonline.eu\/tariff\/\" data-type=\"page\" data-id=\"3134\">Tarifs<\/a><br \/><a href=\"https:\/\/wordpress.ceonline.eu\/news\/\">Nouvelles<\/a><\/p>\t\t\t\t\t\t\t\t<\/div>\n\t\t\t\t<\/div>\n\t\t\t\t\t<\/div>\n\t\t<\/div>\n\t\t\t\t<div class=\"elementor-column elementor-col-25 elementor-inner-column elementor-element elementor-element-1acaebba\" data-id=\"1acaebba\" data-element_type=\"column\" data-e-type=\"column\">\n\t\t\t<div class=\"elementor-widget-wrap elementor-element-populated\">\n\t\t\t\t\t\t<div class=\"elementor-element elementor-element-1d6bf07c elementor-widget elementor-widget-text-editor\" data-id=\"1d6bf07c\" data-element_type=\"widget\" data-e-type=\"widget\" data-widget_type=\"text-editor.default\">\n\t\t\t\t<div class=\"elementor-widget-container\">\n\t\t\t\t\t\t\t\t\t<p><span style=\"color: #0075bf;\"><strong>Soutien<\/strong><\/span><br \/><a href=\"https:\/\/wordpress.ceonline.eu\/repairform\/\" data-type=\"page\" data-id=\"2968\">Enregistrer la r\u00e9paration<\/a><br \/><a href=\"https:\/\/wordpress.ceonline.eu\/myrepair\/\">Ma r\u00e9paration<\/a><br \/><a href=\"https:\/\/webshop.cerepair.nl\/\">Boutique en ligne<\/a><br \/><a href=\"https:\/\/wordpress.ceonline.eu\/qa\/\" data-type=\"page\" data-id=\"2711\">Questions et r\u00e9ponses<\/a><\/p>\t\t\t\t\t\t\t\t<\/div>\n\t\t\t\t<\/div>\n\t\t\t\t\t<\/div>\n\t\t<\/div>\n\t\t\t\t\t<\/div>\n\t\t<\/section>\n\t\t\t\t<div class=\"elementor-element elementor-element-bb59891 elementor-widget elementor-widget-text-editor\" data-id=\"bb59891\" data-element_type=\"widget\" data-e-type=\"widget\" data-widget_type=\"text-editor.default\">\n\t\t\t\t<div class=\"elementor-widget-container\">\n\t\t\t\t\t\t\t\t\t<div class=\"site-footer-below-section-1 site-footer-section site-footer-section-1\"><div class=\"footer-widget-area widget-area site-footer-focus-item ast-footer-html-1\" data-section=\"section-fb-html-1\"><div class=\"ast-header-html inner-link-style-\"><div class=\"ast-builder-html-element\"><p style=\"text-align: center;\"><a href=\"https:\/\/wordpress.ceonline.eu\/termsconditions\/\">Conditions de Service<\/a>\u00a0 |\u00a0\u00a0<a href=\"https:\/\/wordpress.ceonline.eu\/privacy-policy\/\">D\u00e9claration de confidentialit\u00e9<\/a>\u00a0 |\u00a0\u00a0<a href=\"https:\/\/wordpress.ceonline.eu\/cookie-policy\/\">Politique relative aux cookies<\/a>\u00a0 |\u00a0\u00a0<a href=\"https:\/\/wordpress.ceonline.eu\/disclaimer\/\">Clause de non-responsabilit\u00e9<\/a><br \/><span style=\"font-size: 16px;\">Copyright \u00a9 2021\u00a0<span style=\"color: #8e9c9c;\">CE Services Group<\/span><\/span><\/p><\/div><\/div><\/div><\/div>\t\t\t\t\t\t\t\t<\/div>\n\t\t\t\t<\/div>\n\t\t\t\t\t<\/div>\n\t\t<\/div>\n\t\t\t\t\t<\/div>\n\t\t<\/section>\n\t\t\t\t<\/div>","protected":false},"excerpt":{"rendered":"<p>CE Services Group B.V. en haar vestigingen en business units, hierna te noemen \u2018CESG\u2019, is een Nederlandse onderneming, gevestigd te Heliotroopring 100, 3316 KG Dordrecht en geregistreerd onder KvK nr. 58336613. Data bescherming Het gebruik van de informatie op deze website is gratis zolang u deze informatie niet kopieert, verspreidt of op een andere manier [&hellip;]<\/p>\n","protected":false},"author":3,"featured_media":0,"parent":0,"menu_order":0,"comment_status":"closed","ping_status":"closed","template":"","meta":{"site-sidebar-layout":"no-sidebar","site-content-layout":"page-builder","ast-site-content-layout":"default","site-content-style":"default","site-sidebar-style":"default","ast-global-header-display":"","ast-banner-title-visibility":"","ast-main-header-display":"","ast-hfb-above-header-display":"","ast-hfb-below-header-display":"","ast-hfb-mobile-header-display":"","site-post-title":"disabled","ast-breadcrumbs-content":"","ast-featured-img":"disabled","footer-sml-layout":"","ast-disable-related-posts":"","theme-transparent-header-meta":"","adv-header-id-meta":"","stick-header-meta":"","header-above-stick-meta":"","header-main-stick-meta":"","header-below-stick-meta":"","astra-migrate-meta-layouts":"default","ast-page-background-enabled":"default","ast-page-background-meta":{"desktop":{"background-color":"","background-image":"","background-repeat":"repeat","background-position":"center center","background-size":"auto","background-attachment":"scroll","background-type":"","background-media":"","overlay-type":"","overlay-color":"","overlay-opacity":"","overlay-gradient":""},"tablet":{"background-color":"","background-image":"","background-repeat":"repeat","background-position":"center center","background-size":"auto","background-attachment":"scroll","background-type":"","background-media":"","overlay-type":"","overlay-color":"","overlay-opacity":"","overlay-gradient":""},"mobile":{"background-color":"","background-image":"","background-repeat":"repeat","background-position":"center center","background-size":"auto","background-attachment":"scroll","background-type":"","background-media":"","overlay-type":"","overlay-color":"","overlay-opacity":"","overlay-gradient":""}},"ast-content-background-meta":{"desktop":{"background-color":"var(--ast-global-color-5)","background-image":"","background-repeat":"repeat","background-position":"center center","background-size":"auto","background-attachment":"scroll","background-type":"","background-media":"","overlay-type":"","overlay-color":"","overlay-opacity":"","overlay-gradient":""},"tablet":{"background-color":"var(--ast-global-color-5)","background-image":"","background-repeat":"repeat","background-position":"center center","background-size":"auto","background-attachment":"scroll","background-type":"","background-media":"","overlay-type":"","overlay-color":"","overlay-opacity":"","overlay-gradient":""},"mobile":{"background-color":"var(--ast-global-color-5)","background-image":"","background-repeat":"repeat","background-position":"center center","background-size":"auto","background-attachment":"scroll","background-type":"","background-media":"","overlay-type":"","overlay-color":"","overlay-opacity":"","overlay-gradient":""}},"footnotes":""},"class_list":["post-3601","page","type-page","status-publish","hentry"],"_links":{"self":[{"href":"https:\/\/test.cerepair.eu\/fr-be\/wp-json\/wp\/v2\/pages\/3601","targetHints":{"allow":["GET"]}}],"collection":[{"href":"https:\/\/test.cerepair.eu\/fr-be\/wp-json\/wp\/v2\/pages"}],"about":[{"href":"https:\/\/test.cerepair.eu\/fr-be\/wp-json\/wp\/v2\/types\/page"}],"author":[{"embeddable":true,"href":"https:\/\/test.cerepair.eu\/fr-be\/wp-json\/wp\/v2\/users\/3"}],"replies":[{"embeddable":true,"href":"https:\/\/test.cerepair.eu\/fr-be\/wp-json\/wp\/v2\/comments?post=3601"}],"version-history":[{"count":40,"href":"https:\/\/test.cerepair.eu\/fr-be\/wp-json\/wp\/v2\/pages\/3601\/revisions"}],"predecessor-version":[{"id":17003,"href":"https:\/\/test.cerepair.eu\/fr-be\/wp-json\/wp\/v2\/pages\/3601\/revisions\/17003"}],"wp:attachment":[{"href":"https:\/\/test.cerepair.eu\/fr-be\/wp-json\/wp\/v2\/media?parent=3601"}],"curies":[{"name":"wp","href":"https:\/\/api.w.org\/{rel}","templated":true}]}}